{"id":226,"date":"2021-10-18T16:49:20","date_gmt":"2021-10-18T14:49:20","guid":{"rendered":"http:\/\/www.citykamp.com\/chalets-monts-jura\/region-activites\/"},"modified":"2021-10-25T10:37:51","modified_gmt":"2021-10-25T08:37:51","slug":"regionen-aktivitaten","status":"publish","type":"page","link":"https:\/\/www.chalets-monts-jura.com\/de\/regionen-aktivitaten\/","title":{"rendered":"Regionen &#038; aktivit\u00e4ten"},"content":{"rendered":"<div class=\"wpb-content-wrapper\"><p>[vc_row][vc_column][vc_single_image image=&#8220;141&#8243; img_size=&#8220;1900&#215;500&#8243; alignment=&#8220;center&#8220;][\/vc_column][\/vc_row][vc_row][vc_column]<div class=\"wrappedcontent\">[vc_column_text]<\/p>\n<p style=\"text-align: center;\"><span style=\"color: #23afc2; font-size: 18pt;\">Entdecken Sie ein neues Reiseziel!<br \/>\nWir haben einige Tipps mit den wichtigsten Highlights der Region f\u00fcr Sie vorbereitet. So wird die Urlaubsplanung ein Kinderspiel!<\/span><\/p>\n<p style=\"text-align: center;\"><strong>DIE WINTERSPORTREGION MONTS JURA und ihre 60 km Abfahrtspisten<\/strong><br \/>\nDie Wintersportregion Monts Jura besteht aus verschiedenen Skigebiete mit einer gro\u00dfe Palette an Winteraktivit\u00e4ten: L\u00e9lex-Crozet, Mijoux-La Faucille, Vattay \u2013 Valserine und Menti\u00e8res.<\/p>\n<p style=\"text-align: center;\">Diese Familienwintersportorte bieten zahlreiche Aktivit\u00e4ten an der frischen Luft: Skifahren, Langlaufen, Schneeschuhwandern, Schlittenfahren, u.v.m. &#8211; hier findet jeder sein Gl\u00fcck.<\/p>\n<p style=\"text-align: center;\"><strong>Folgende Wintersportgebiete sind von Divonne aus schnell und leicht erreichbar:<\/strong><\/p>\n<p>[\/vc_column_text][vc_empty_space][vc_row_inner equal_height=&#8220;yes&#8220; gap=&#8220;35&#8243; css=&#8220;.vc_custom_1634724665224{margin-left: -0.5px !important;}&#8220;][vc_column_inner width=&#8220;1\/4&#8243;][vc_masonry_media_grid element_width=&#8220;12&#8243; gap=&#8220;0&#8243; grid_id=&#8220;vc_gid:1635152029315-46046070-1fd1-7&#8243; include=&#8220;166&#8243;][vc_empty_space height=&#8220;15px&#8220;][vc_column_text]<\/p>\n<p style=\"text-align: center;\"><strong>Mijoux \u2013 Col de la Faucille<\/strong><\/p>\n<p style=\"text-align: center;\">Mijoux ist ein h\u00fcbsches Dorf mitten im Valserine-Tal, an der Grenze zwischen den Departements Ain und Jura. In diesem Wintersportort f\u00fcr Familien k\u00f6nnen Gro\u00df und Klein die Berge genie\u00dfen und viele Aktivit\u00e4ten unternehmen!<br \/>\nIdeal f\u00fcr Familien und Naturliebhaber, ob Alpinskifahrer oder Langl\u00e4ufer!<\/p>\n<p>[\/vc_column_text][\/vc_column_inner][vc_column_inner width=&#8220;1\/4&#8243;][vc_masonry_media_grid element_width=&#8220;12&#8243; gap=&#8220;0&#8243; grid_id=&#8220;vc_gid:1635152029316-c127584e-4aff-10&#8243; include=&#8220;144&#8243;][vc_empty_space height=&#8220;15px&#8220;][vc_column_text]<\/p>\n<p style=\"text-align: center;\"><strong>L\u00e9lex-Crozet<\/strong><\/p>\n<p style=\"text-align: center;\">Dieses Abfahrts- und Langlaufgebiet ist von Crozet, am Fu\u00dfe der Ebene des Pays de Gex, aus leicht erreichbar.<br \/>\nDas Skigebiet verbindet das Dorf Crozet mit dem Dorf L\u00e9lex (auf der anderen Seite).<\/p>\n<p>[\/vc_column_text][\/vc_column_inner][vc_column_inner width=&#8220;1\/4&#8243;][vc_masonry_media_grid element_width=&#8220;12&#8243; gap=&#8220;0&#8243; grid_id=&#8220;vc_gid:1635152029317-87905e63-62ac-4&#8243; include=&#8220;147&#8243;][vc_empty_space height=&#8220;15px&#8220;][vc_column_text]<\/p>\n<p style=\"text-align: center;\"><strong>Menthi\u00e8res<\/strong><\/p>\n<p style=\"text-align: center;\">Dieser Weiler vereint in sich die ganze Atmosph\u00e4re des Juras: ein h\u00fcgeliges Plateau und einen mit Fichten \u00fcbers\u00e4ten Horizont.<br \/>\nEr verf\u00fcgt \u00fcber 10 Skipisten und 2 Langlaufloipen.<\/p>\n<p>[\/vc_column_text][\/vc_column_inner][vc_column_inner width=&#8220;1\/4&#8243;][vc_masonry_media_grid element_width=&#8220;12&#8243; gap=&#8220;0&#8243; grid_id=&#8220;vc_gid:1635152029319-0633125d-3e90-2&#8243; include=&#8220;150&#8243;][vc_empty_space height=&#8220;15px&#8220;][vc_column_text]<\/p>\n<p style=\"text-align: center;\"><strong>Langlaufgebiet La Vattay-Valserine<\/strong><\/p>\n<p style=\"text-align: center;\">Dieses zu Divonne geh\u00f6rende Skigebiet ist ganz auf nordischen Skisport ausgerichtet und verf\u00fcgt \u00fcber mehr als 150 Loipenkilometer im Valserine-Tal und auf der Hochebene von La Vattay. Hier k\u00f6nnen Sie nach Lust und Laune Skaten oder klassisch Langlaufen. Au\u00dferdem empfehlenswert: der Schneeschuhtrail und der Fu\u00dfwanderweg.<\/p>\n<p>[\/vc_column_text][\/vc_column_inner][\/vc_row_inner]<\/div>[\/vc_column][\/vc_row][vc_row css=&#8220;.vc_custom_1634570837963{background-color: #e8e8e8 !important;}&#8220;][vc_column]<div class=\"wrappedcontent\">[vc_row_inner equal_height=&#8220;yes&#8220; gap=&#8220;35&#8243; css=&#8220;.vc_custom_1634724673138{margin-left: -0.5px !important;}&#8220;][vc_column_inner width=&#8220;1\/2&#8243;][vc_masonry_media_grid element_width=&#8220;12&#8243; gap=&#8220;0&#8243; grid_id=&#8220;vc_gid:1635152029320-bb187a3c-850a-5&#8243; include=&#8220;153&#8243;][\/vc_column_inner][vc_column_inner width=&#8220;1\/2&#8243;][vc_column_text]<span style=\"font-size: 14pt;\"><span style=\"color: #23afc2;\"><strong>Sie m\u00f6chten die Berge w\u00e4hrend einer Skitour entdecken?<\/strong><\/span><\/span><\/p>\n<p><span style=\"font-size: 12pt;\">Den ganzen Winter \u00fcber werden von den Monts Jura-Tourenf\u00fchrern gef\u00fchrte Skitouren angeboten.<\/span><\/p>\n<p><span style=\"font-size: 12pt;\">Einige Tipps f\u00fcr Familienaktivit\u00e4ten: Schlittenfahren, Hundeschlittenfahren, Schneewanderwege, Schneeschuhwandern (autonom oder in Begleitung), Biathlon&#8230;<br \/>\nder Jura bietet seinen G\u00e4sten eine breite Palette an Aktivit\u00e4ten f\u00fcr alle Altersgruppen und Niveaus.<\/span>[\/vc_column_text][\/vc_column_inner][\/vc_row_inner]<\/div>[\/vc_column][\/vc_row][vc_row css=&#8220;.vc_custom_1634570932349{background-color: #23afc2 !important;}&#8220;][vc_column]<div class=\"wrappedcontent\">[vc_column_text]<\/p>\n<p style=\"text-align: center;\"><span style=\"color: #ffffff;\"><strong><span style=\"font-size: 18pt;\">IHRE VORTEILE BEIM MIETEN IHRER AUSR\u00dcSTUNG<\/span><\/strong><\/span><\/p>\n<p style=\"text-align: center;\"><span style=\"color: #ffffff; font-size: 14pt;\">Profitieren Sie dank unserer Partnerschaft mit Skiset von einem Rabatt von bis zu 60% auf die Miete Ihrer Skiausr\u00fcstung zum Bestpreis. Sie erhalten einen exklusiven Buchungslink, gleich nachdem Sie Ihr Huttopia-Chalet gebucht haben.<\/span><\/p>\n<p>[\/vc_column_text]<\/div>[\/vc_column][\/vc_row][vc_row][vc_column]<div class=\"wrappedcontent\">[vc_column_text]<\/p>\n<p style=\"text-align: center;\"><span style=\"color: #23afc2; font-size: 18pt;\">Die region entdecken<\/span><\/p>\n<p style=\"text-align: center;\">Ein unvergesslicher Urlaub in den Alpen und dem Jura: Folgen Sie dem Ruf der Berge!<\/p>\n<p>[\/vc_column_text][vc_empty_space height=&#8220;35px&#8220;][vc_row_inner equal_height=&#8220;yes&#8220; gap=&#8220;35&#8243; css=&#8220;.vc_custom_1634724670323{margin-left: -0.5px !important;}&#8220;][vc_column_inner width=&#8220;1\/4&#8243;][vc_masonry_media_grid element_width=&#8220;12&#8243; gap=&#8220;0&#8243; grid_id=&#8220;vc_gid:1635152029322-faf997b8-75a0-6&#8243; include=&#8220;169&#8243;][vc_empty_space height=&#8220;15px&#8220;][vc_column_text]<\/p>\n<p style=\"text-align: center;\"><strong>Regionaler Naturpark Haut-Jura<\/strong><\/p>\n<p style=\"text-align: center;\">Sie lieben die Natur? Dann ist der Regionale Naturpark Haut-Jura wie geschaffen f\u00fcr Sie! Im Maison du Parc in Lajoux erfahren Sie alles \u00fcber die angebotenen Aktivit\u00e4ten.<\/p>\n<p>[\/vc_column_text][\/vc_column_inner][vc_column_inner width=&#8220;1\/4&#8243;][vc_masonry_media_grid element_width=&#8220;12&#8243; gap=&#8220;0&#8243; grid_id=&#8220;vc_gid:1635152029324-abe4571a-2220-4&#8243; include=&#8220;156&#8243;][vc_empty_space height=&#8220;15px&#8220;][vc_column_text]<\/p>\n<p style=\"text-align: center;\"><strong>Eine Reise in die Vergangenheit im Boisselerie-Museum<\/strong><\/p>\n<p style=\"text-align: center;\">Entdecken Sie alte Berufe und funktionierende Maschinen aus vergangener Zeit im Mus\u00e9e de la Boisselerie in Bois d&#8217;Amont.<br \/>\nW\u00e4hrend des spannenden Besuchs in dem restaurierten alten S\u00e4gewerk erfahren Sie alles \u00fcber die Techniken der Holzverwertung.<\/p>\n<p>[\/vc_column_text][\/vc_column_inner][vc_column_inner width=&#8220;1\/4&#8243;][vc_masonry_media_grid element_width=&#8220;12&#8243; gap=&#8220;0&#8243; grid_id=&#8220;vc_gid:1635152029326-d52f7166-fe00-1&#8243; include=&#8220;159&#8243;][vc_empty_space height=&#8220;15px&#8220;][vc_column_text]<\/p>\n<p style=\"text-align: center;\"><strong>Entspannung und Thermalb\u00e4der<\/strong><\/p>\n<p style=\"text-align: center;\">Genie\u00dfen Sie Wohlbefinden und entspannende Balneotherapien im Thermalbad Paul Vidart \/ Valvital der Kurstadt Divonne oder versuchen Sie Ihr Gl\u00fcck im Stadtcasino!<\/p>\n<p>[\/vc_column_text][\/vc_column_inner][vc_column_inner width=&#8220;1\/4&#8243;][vc_masonry_media_grid element_width=&#8220;12&#8243; gap=&#8220;0&#8243; grid_id=&#8220;vc_gid:1635152029327-f43190aa-e167-8&#8243; include=&#8220;162&#8243;][vc_empty_space height=&#8220;15px&#8220;][vc_column_text]<\/p>\n<p style=\"text-align: center;\"><strong>Ein Tagesausflug in die Schweiz<\/strong><\/p>\n<p style=\"text-align: center;\">Die Schweiz ist nur einen Katzensprung entfernt! Nutzen Sie die Gelegenheit f\u00fcr einen Besuch von Genf. Entdecken Sie seine Altstadt mit ihren vielen Sch\u00e4tzen sowie das Kunstviertel Les Bains oder probieren Sie Gruy\u00e8re-K\u00e4se und Schokolade im Kanton Waadt.<\/p>\n<p>[\/vc_column_text][\/vc_column_inner][\/vc_row_inner][vc_empty_space height=&#8220;35px&#8220;]<div class=\"text-center btnwrap\"><a class=\"btn btn-huttopia-cta\" href=\"http:\/\/checkout.huttopia.com\/redirect\/de\/897\" role=\"button\" target=\"\" onclick=\"dataLayer.push({'event':'clickCity', 'clickText':'Aufenthalt buchen'})\">Aufenthalt buchen<\/a><\/div><\/div>[\/vc_column][\/vc_row]<\/p>\n<\/div>","protected":false},"excerpt":{"rendered":"<p>[vc_row][vc_column][vc_single_image image=&#8220;141&#8243; img_size=&#8220;1900&#215;500&#8243; alignment=&#8220;center&#8220;][\/vc_column][\/vc_row][vc_row][vc_column][\/vc_column][\/vc_row][vc_row css=&#8220;.vc_custom_1634570837963{background-color: #e8e8e8 !important;}&#8220;][vc_column][\/vc_column][\/vc_row][vc_row css=&#8220;.vc_custom_1634570932349{background-color: #23afc2 !important;}&#8220;][vc_column][\/vc_column][\/vc_row][vc_row][vc_column][\/vc_column][\/vc_row]<\/p>\n","protected":false},"author":4,"featured_media":0,"parent":0,"menu_order":0,"comment_status":"closed","ping_status":"closed","template":"","meta":{"footnotes":""},"class_list":["post-226","page","type-page","status-publish","hentry"],"yoast_head":"<!-- This site is optimized with the Yoast SEO plugin v25.6 - https:\/\/yoast.com\/wordpress\/plugins\/seo\/ -->\n<title>Regionen &amp; aktivit\u00e4ten - Chalets Monts Jura<\/title>\n<meta name=\"description\" content=\"Die Wintersportregion Monts Jura besteht aus verschiedenen Skigebiete mit einer gro\u00dfe Palette an Winteraktivit\u00e4ten. Diese Familienwintersportorte bieten zahlreiche Aktivit\u00e4ten an der frischen Luft: Skifahren, Langlaufen, Schneeschuhwandern, Schlittenfahren, u.v.m. - hier findet jeder sein Gl\u00fcck.\" \/>\n<meta name=\"robots\" content=\"index, follow, max-snippet:-1, max-image-preview:large, max-video-preview:-1\" \/>\n<link rel=\"canonical\" href=\"https:\/\/www.chalets-monts-jura.com\/de\/regionen-aktivitaten\/\" \/>\n<meta property=\"og:locale\" content=\"de_DE\" \/>\n<meta property=\"og:type\" content=\"article\" \/>\n<meta property=\"og:title\" content=\"Regionen &amp; aktivit\u00e4ten - Chalets Monts Jura\" \/>\n<meta property=\"og:description\" content=\"Die Wintersportregion Monts Jura besteht aus verschiedenen Skigebiete mit einer gro\u00dfe Palette an Winteraktivit\u00e4ten. Diese Familienwintersportorte bieten zahlreiche Aktivit\u00e4ten an der frischen Luft: Skifahren, Langlaufen, Schneeschuhwandern, Schlittenfahren, u.v.m. - hier findet jeder sein Gl\u00fcck.\" \/>\n<meta property=\"og:url\" content=\"https:\/\/www.chalets-monts-jura.com\/de\/regionen-aktivitaten\/\" \/>\n<meta property=\"og:site_name\" content=\"Chalets Monts Jura\" \/>\n<meta property=\"article:modified_time\" content=\"2021-10-25T08:37:51+00:00\" \/>\n<meta name=\"twitter:card\" content=\"summary_large_image\" \/>\n<meta name=\"twitter:label1\" content=\"Est. reading time\" \/>\n\t<meta name=\"twitter:data1\" content=\"5 Minuten\" \/>\n<script type=\"application\/ld+json\" class=\"yoast-schema-graph\">{\"@context\":\"https:\/\/schema.org\",\"@graph\":[{\"@type\":\"WebPage\",\"@id\":\"https:\/\/www.chalets-monts-jura.com\/de\/regionen-aktivitaten\/\",\"url\":\"https:\/\/www.chalets-monts-jura.com\/de\/regionen-aktivitaten\/\",\"name\":\"Regionen & aktivit\u00e4ten - Chalets Monts Jura\",\"isPartOf\":{\"@id\":\"https:\/\/www.chalets-monts-jura.com\/de\/#website\"},\"datePublished\":\"2021-10-18T14:49:20+00:00\",\"dateModified\":\"2021-10-25T08:37:51+00:00\",\"description\":\"Die Wintersportregion Monts Jura besteht aus verschiedenen Skigebiete mit einer gro\u00dfe Palette an Winteraktivit\u00e4ten. Diese Familienwintersportorte bieten zahlreiche Aktivit\u00e4ten an der frischen Luft: Skifahren, Langlaufen, Schneeschuhwandern, Schlittenfahren, u.v.m. - hier findet jeder sein Gl\u00fcck.\",\"breadcrumb\":{\"@id\":\"https:\/\/www.chalets-monts-jura.com\/de\/regionen-aktivitaten\/#breadcrumb\"},\"inLanguage\":\"de-DE\",\"potentialAction\":[{\"@type\":\"ReadAction\",\"target\":[\"https:\/\/www.chalets-monts-jura.com\/de\/regionen-aktivitaten\/\"]}]},{\"@type\":\"BreadcrumbList\",\"@id\":\"https:\/\/www.chalets-monts-jura.com\/de\/regionen-aktivitaten\/#breadcrumb\",\"itemListElement\":[{\"@type\":\"ListItem\",\"position\":1,\"name\":\"Home\",\"item\":\"https:\/\/www.chalets-monts-jura.com\/de\/\"},{\"@type\":\"ListItem\",\"position\":2,\"name\":\"Regionen &#038; aktivit\u00e4ten\"}]},{\"@type\":\"WebSite\",\"@id\":\"https:\/\/www.chalets-monts-jura.com\/de\/#website\",\"url\":\"https:\/\/www.chalets-monts-jura.com\/de\/\",\"name\":\"Chalets Monts Jura\",\"description\":\"Un site utilisant Citykamp\",\"potentialAction\":[{\"@type\":\"SearchAction\",\"target\":{\"@type\":\"EntryPoint\",\"urlTemplate\":\"https:\/\/www.chalets-monts-jura.com\/de\/?s={search_term_string}\"},\"query-input\":{\"@type\":\"PropertyValueSpecification\",\"valueRequired\":true,\"valueName\":\"search_term_string\"}}],\"inLanguage\":\"de-DE\"}]}<\/script>\n<!-- \/ Yoast SEO plugin. -->","yoast_head_json":{"title":"Regionen & aktivit\u00e4ten - Chalets Monts Jura","description":"Die Wintersportregion Monts Jura besteht aus verschiedenen Skigebiete mit einer gro\u00dfe Palette an Winteraktivit\u00e4ten. Diese Familienwintersportorte bieten zahlreiche Aktivit\u00e4ten an der frischen Luft: Skifahren, Langlaufen, Schneeschuhwandern, Schlittenfahren, u.v.m. - hier findet jeder sein Gl\u00fcck.","robots":{"index":"index","follow":"follow","max-snippet":"max-snippet:-1","max-image-preview":"max-image-preview:large","max-video-preview":"max-video-preview:-1"},"canonical":"https:\/\/www.chalets-monts-jura.com\/de\/regionen-aktivitaten\/","og_locale":"de_DE","og_type":"article","og_title":"Regionen & aktivit\u00e4ten - Chalets Monts Jura","og_description":"Die Wintersportregion Monts Jura besteht aus verschiedenen Skigebiete mit einer gro\u00dfe Palette an Winteraktivit\u00e4ten. Diese Familienwintersportorte bieten zahlreiche Aktivit\u00e4ten an der frischen Luft: Skifahren, Langlaufen, Schneeschuhwandern, Schlittenfahren, u.v.m. - hier findet jeder sein Gl\u00fcck.","og_url":"https:\/\/www.chalets-monts-jura.com\/de\/regionen-aktivitaten\/","og_site_name":"Chalets Monts Jura","article_modified_time":"2021-10-25T08:37:51+00:00","twitter_card":"summary_large_image","twitter_misc":{"Est. reading time":"5 Minuten"},"schema":{"@context":"https:\/\/schema.org","@graph":[{"@type":"WebPage","@id":"https:\/\/www.chalets-monts-jura.com\/de\/regionen-aktivitaten\/","url":"https:\/\/www.chalets-monts-jura.com\/de\/regionen-aktivitaten\/","name":"Regionen & aktivit\u00e4ten - Chalets Monts Jura","isPartOf":{"@id":"https:\/\/www.chalets-monts-jura.com\/de\/#website"},"datePublished":"2021-10-18T14:49:20+00:00","dateModified":"2021-10-25T08:37:51+00:00","description":"Die Wintersportregion Monts Jura besteht aus verschiedenen Skigebiete mit einer gro\u00dfe Palette an Winteraktivit\u00e4ten. Diese Familienwintersportorte bieten zahlreiche Aktivit\u00e4ten an der frischen Luft: Skifahren, Langlaufen, Schneeschuhwandern, Schlittenfahren, u.v.m. - hier findet jeder sein Gl\u00fcck.","breadcrumb":{"@id":"https:\/\/www.chalets-monts-jura.com\/de\/regionen-aktivitaten\/#breadcrumb"},"inLanguage":"de-DE","potentialAction":[{"@type":"ReadAction","target":["https:\/\/www.chalets-monts-jura.com\/de\/regionen-aktivitaten\/"]}]},{"@type":"BreadcrumbList","@id":"https:\/\/www.chalets-monts-jura.com\/de\/regionen-aktivitaten\/#breadcrumb","itemListElement":[{"@type":"ListItem","position":1,"name":"Home","item":"https:\/\/www.chalets-monts-jura.com\/de\/"},{"@type":"ListItem","position":2,"name":"Regionen &#038; aktivit\u00e4ten"}]},{"@type":"WebSite","@id":"https:\/\/www.chalets-monts-jura.com\/de\/#website","url":"https:\/\/www.chalets-monts-jura.com\/de\/","name":"Chalets Monts Jura","description":"Un site utilisant Citykamp","potentialAction":[{"@type":"SearchAction","target":{"@type":"EntryPoint","urlTemplate":"https:\/\/www.chalets-monts-jura.com\/de\/?s={search_term_string}"},"query-input":{"@type":"PropertyValueSpecification","valueRequired":true,"valueName":"search_term_string"}}],"inLanguage":"de-DE"}]}},"_links":{"self":[{"href":"https:\/\/www.chalets-monts-jura.com\/de\/wp-json\/wp\/v2\/pages\/226","targetHints":{"allow":["GET"]}}],"collection":[{"href":"https:\/\/www.chalets-monts-jura.com\/de\/wp-json\/wp\/v2\/pages"}],"about":[{"href":"https:\/\/www.chalets-monts-jura.com\/de\/wp-json\/wp\/v2\/types\/page"}],"author":[{"embeddable":true,"href":"https:\/\/www.chalets-monts-jura.com\/de\/wp-json\/wp\/v2\/users\/4"}],"replies":[{"embeddable":true,"href":"https:\/\/www.chalets-monts-jura.com\/de\/wp-json\/wp\/v2\/comments?post=226"}],"version-history":[{"count":2,"href":"https:\/\/www.chalets-monts-jura.com\/de\/wp-json\/wp\/v2\/pages\/226\/revisions"}],"predecessor-version":[{"id":229,"href":"https:\/\/www.chalets-monts-jura.com\/de\/wp-json\/wp\/v2\/pages\/226\/revisions\/229"}],"wp:attachment":[{"href":"https:\/\/www.chalets-monts-jura.com\/de\/wp-json\/wp\/v2\/media?parent=226"}],"curies":[{"name":"wp","href":"https:\/\/api.w.org\/{rel}","templated":true}]}}