{"id":217,"date":"2021-10-18T16:34:26","date_gmt":"2021-10-18T14:34:26","guid":{"rendered":"http:\/\/www.citykamp.com\/chalets-monts-jura\/les-hebergements\/"},"modified":"2024-09-18T16:39:32","modified_gmt":"2024-09-18T14:39:32","slug":"unterkunfte","status":"publish","type":"page","link":"https:\/\/www.chalets-monts-jura.com\/de\/unterkunfte\/","title":{"rendered":"Unterk\u00fcnfte"},"content":{"rendered":"<div class=\"wpb-content-wrapper\"><p>[vc_row][vc_column][vc_single_image image=&#8220;96&#8243; img_size=&#8220;1900&#215;500&#8243; alignment=&#8220;center&#8220;][\/vc_column][\/vc_row][vc_row][vc_column]<div class=\"wrappedcontent\">[vc_column_text]<\/p>\n<h3>Unsere Chalets und Mobilheime<\/h3>\n<p><span style=\"font-size: 14pt;\">Sie m\u00f6chten in Ihrem Urlaub Unverf\u00e4lschtheit und Gem\u00fctlichkeit erleben? Unsere Chalets und Mobilheime bieten Ihnen Komfort und Natur umgeben von Idylle pur.<\/span>[\/vc_column_text]<\/div>[\/vc_column][\/vc_row][vc_row css=&#8220;.vc_custom_1634716156121{background-color: #e8e8e8 !important;}&#8220; el_id=&#8220;chalets&#8220;][vc_column]<div class=\"wrappedcontent\">[vc_row_inner equal_height=&#8220;yes&#8220; gap=&#8220;35&#8243; css=&#8220;.vc_custom_1634569207686{margin-left: -0.5px !important;background-color: #ffffff !important;}&#8220;][vc_column_inner width=&#8220;1\/2&#8243;][vc_masonry_media_grid element_width=&#8220;6&#8243; gap=&#8220;15&#8243; grid_id=&#8220;vc_gid:1726670148356-997a2d4e-2514-4&#8243; include=&#8220;439,445,436,442&#8243;][\/vc_column_inner][vc_column_inner width=&#8220;1\/2&#8243;][vc_column_text css=&#8220;&#8220;]<\/p>\n<p style=\"text-align: center;\"><span style=\"font-size: 16pt;\"><strong>Chalet Montana<br \/>\n<\/strong><\/span><span style=\"font-size: 14pt;\">35 m\u00b2 &#8211; bis zu 5 Personen<\/span><\/p>\n<p>[\/vc_column_text][vc_empty_space height=&#8220;15px&#8220;][vc_column_text css=&#8220;&#8220;]<span style=\"color: #23afc2;\"><strong>Ein Wohnzimmerbereich mit Essecke, eine voll ausgestattete K\u00fcche, ein Sofa und ein Holzofen &#8211; das Chalet Montana ist perfekt f\u00fcr einen gem\u00fctlichen Aufenthalt im Winter!<\/strong><\/span><\/p>\n<p>In puncto Schlafgelegenheiten bietet das Chalet Montana Privatsph\u00e4re und Komfort: 2 separate Schlafzimmer und eine Gesamtkapazit\u00e4t von 5 Personen, sprich<br \/>\n\u2013 1 Zimmer mit 1 Doppelbett (140x200cm)<br \/>\n\u2013 1 Zimmer mit 3 Schlafgelegenheiten: ein Stockbett (90x190cm oben, 140x190cm darunter)<\/p>\n<p>Au\u00dferdem gibt es ein Badezimmer mit Duschkabine, Waschbecken, Stauraum und WC sowie eine 10 m\u00b2 gro\u00dfe Terrasse mit Holztisch.[\/vc_column_text][vc_empty_space height=&#8220;15px&#8220;][vc_btn title=&#8220;SIEHE DEN PLAN&#8220; style=&#8220;outline&#8220; shape=&#8220;square&#8220; color=&#8220;peacoc&#8220; size=&#8220;xs&#8220; align=&#8220;center&#8220; link=&#8220;url:https%3A%2F%2Fmedia.huttopia.com%2Fhebergements%2F53-chalet-indigo%2F53-chalet-indigo-plan.jpg|target:_blank&#8220;][\/vc_column_inner][\/vc_row_inner]<\/div>[\/vc_column][\/vc_row][vc_row css=&#8220;.vc_custom_1634568377355{background-color: #e8e8e8 !important;}&#8220;][vc_column]<div class=\"wrappedcontent\">[vc_row_inner equal_height=&#8220;yes&#8220; gap=&#8220;35&#8243; css=&#8220;.vc_custom_1634569245615{margin-left: -0.5px !important;background-color: #ffffff !important;}&#8220;][vc_column_inner width=&#8220;1\/2&#8243;][vc_column_text]<\/p>\n<p style=\"text-align: center;\"><span style=\"font-size: 16pt;\"><strong>Chalet Evasion<br \/>\n<\/strong><\/span><span style=\"font-size: 14pt;\">25 m\u00b2 &#8211; 5 Pers.<\/span><\/p>\n<p>[\/vc_column_text][vc_empty_space height=&#8220;35px&#8220;][vc_masonry_media_grid element_width=&#8220;6&#8243; gap=&#8220;15&#8243; grid_id=&#8220;vc_gid:1726670148360-4dcc107b-795a-10&#8243; include=&#8220;111,114&#8243;][vc_empty_space height=&#8220;20px&#8220;][vc_separator color=&#8220;mulled_wine&#8220; el_width=&#8220;80&#8243;][vc_empty_space height=&#8220;20px&#8220;][vc_column_text]<span style=\"color: #23afc2;\"><strong>Dieses helle und freundliche Chalet mit funktionellem Design liegt voll im Trend!<\/strong><\/span> <strong>Dank seiner gut durchdachten, modernen und komfortablen Einrichtung f\u00fchlen Sie sich garantiert schnell wie \u201ezu Hause\u201c.<\/strong><\/p>\n<p>\u2013 1 Zimmer mit einem Doppelbett (140x200cm)<br \/>\n\u2013 1 Zimmer mit drei Einzelbetten (80\u00d7200cm), eines davon aufgestockt.<\/p>\n<p>Badezimmer mit Dusche und Ablagem\u00f6glichkeiten und separates WC.<\/p>\n<p>Ein sch\u00f6nes Holzchalet mit einer modernen Inneneinrichtung und einem angenehmen Wohnbereich.[\/vc_column_text][vc_empty_space height=&#8220;20px&#8220;][vc_btn title=&#8220;SIEHE DEN PLAN&#8220; style=&#8220;outline&#8220; shape=&#8220;square&#8220; color=&#8220;peacoc&#8220; size=&#8220;xs&#8220; align=&#8220;center&#8220; link=&#8220;url:https%3A%2F%2Fmedia.huttopia.com%2Fhebergements%2F52-chalet-evasion%2F52-chalet-evasion-plan-pointu.jpg|target:_blank&#8220;][\/vc_column_inner][vc_column_inner width=&#8220;1\/2&#8243;][vc_column_text]<\/p>\n<p style=\"text-align: center;\"><span style=\"font-size: 16pt;\"><strong>Chalet Ottawa<br \/>\n<\/strong><\/span><span style=\"font-size: 14pt;\">33 m\u00b2 &#8211; 6 Pers.<\/span><\/p>\n<p>[\/vc_column_text][vc_empty_space height=&#8220;35px&#8220;][vc_masonry_media_grid element_width=&#8220;6&#8243; gap=&#8220;15&#8243; grid_id=&#8220;vc_gid:1726670148362-532dd0b3-c1bc-7&#8243; include=&#8220;117,120&#8243;][vc_empty_space height=&#8220;20px&#8220;][vc_separator color=&#8220;mulled_wine&#8220; el_width=&#8220;80&#8243;][vc_empty_space height=&#8220;20px&#8220;][vc_column_text]<span style=\"color: #23afc2;\"><strong>Zwei Panoramafenster, au\u00dfergew\u00f6hnlich hell und kuschelig warm.<\/strong><\/span> <strong>Dieses wundersch\u00f6ne Chalet mit modernem Design ist dank seiner 3 voneinander getrennten Schlafzimmer die ideale Unterkunft f\u00fcr einen Urlaub, bei dem man so richtig abschalten kann, ohne dabei auf Komfort verzichten zu m\u00fcssen: <\/strong><\/p>\n<p>\u2013 1 Elternschlafzimmer mit 1 Doppelbett (160x200cm)<br \/>\n\u2013 2 Zimmer mit je zwei Einzelbetten (80cm).<\/p>\n<p>Ein gro\u00dfes Badezimmer mit Doppelwaschbecken und XL-Dusche f\u00fcr mehr Komfort. Separates WC.<\/p>\n<p>Das kleine Extra: ein gro\u00dfes Elternschlafzimmer mit direktem Zugang zur 14m\u00b2 gro\u00dfen Terrasse\u2026[\/vc_column_text][vc_empty_space height=&#8220;20px&#8220;][vc_btn title=&#8220;SIEHE DEN PLAN&#8220; style=&#8220;outline&#8220; shape=&#8220;square&#8220; color=&#8220;peacoc&#8220; size=&#8220;xs&#8220; align=&#8220;center&#8220; link=&#8220;url:https%3A%2F%2Fmedia.huttopia.com%2Fhebergements%2F91-chalet-ottawa%2F91-plan-chalet-ottawa.pdf|target:_blank&#8220;][\/vc_column_inner][\/vc_row_inner]<\/div>[\/vc_column][\/vc_row][vc_row css=&#8220;.vc_custom_1634716167899{background-color: #e8e8e8 !important;}&#8220; el_id=&#8220;mobile-homes&#8220;][vc_column]<div class=\"wrappedcontent\">[vc_row_inner equal_height=&#8220;yes&#8220; gap=&#8220;35&#8243; css=&#8220;.vc_custom_1634569245615{margin-left: -0.5px !important;background-color: #ffffff !important;}&#8220;][vc_column_inner width=&#8220;1\/2&#8243;][vc_column_text]<\/p>\n<p style=\"text-align: center;\"><span style=\"font-size: 16pt;\"><strong>Cottage-Mobilheim<br \/>\n<\/strong><\/span><span style=\"font-size: 14pt;\">25 m\u00b2 &#8211; 6 Pers.<\/span><\/p>\n<p>[\/vc_column_text][vc_empty_space height=&#8220;35px&#8220;][vc_masonry_media_grid element_width=&#8220;6&#8243; gap=&#8220;15&#8243; grid_id=&#8220;vc_gid:1726670148365-7ae8f640-fe32-4&#8243; include=&#8220;126,129&#8243;][vc_empty_space height=&#8220;20px&#8220;][vc_separator color=&#8220;mulled_wine&#8220; el_width=&#8220;80&#8243;][vc_empty_space height=&#8220;20px&#8220;][vc_column_text]<span style=\"color: #23afc2;\"><strong>Unser gem\u00fctliches Cottage-Mobilheim ist eine Mischung aus Mobilheim und Holzhaus und bietet Ihnen allen Komfort.<\/strong><\/span> Dank seiner zwei getrennten Zimmer f\u00fchlt man sich hier schnell wie zu Hause, Cottage-Atmosph\u00e4re inbegriffen!<\/p>\n<p>\u2013 1 Zimmer mit zwei Einzelbetten (90cm).<br \/>\n\u2013 1 Zimmer mit zwei Einzelbetten (80cm).<br \/>\n\u2013 1 ausziehbare Schlafcouch (140x190cm) im Wohnzimmer.<\/p>\n<p>Badezimmer mit Dusche und Waschbecken &#8211; separates WC.<\/p>\n<p>Unsere Cottage-Mobilheime verf\u00fcgen \u00fcber eine gem\u00fctliche 9 m\u00b2 gro\u00dfe, halb \u00fcberdachte Au\u00dfenterrasse, f\u00fcr 100%igen Genuss des milden Winterwetters.[\/vc_column_text][vc_empty_space height=&#8220;20px&#8220;][vc_btn title=&#8220;SIEHE DEN PLAN&#8220; style=&#8220;outline&#8220; shape=&#8220;square&#8220; color=&#8220;peacoc&#8220; size=&#8220;xs&#8220; align=&#8220;center&#8220; link=&#8220;url:https%3A%2F%2Fmedia.huttopia.com%2Fhebergements%2F11-mobile-home-cottage%2F11-mobile-home-cottage-plan.jpg|target:_blank&#8220;][\/vc_column_inner][vc_column_inner width=&#8220;1\/2&#8243;][vc_column_text]<\/p>\n<p style=\"text-align: center;\"><span style=\"font-size: 16pt;\"><strong>Vancouver-Mobilheim<br \/>\n<\/strong><\/span><span style=\"font-size: 14pt;\">28 m\u00b2 &#8211; 6 Pers.<\/span><\/p>\n<p>[\/vc_column_text][vc_empty_space height=&#8220;35px&#8220;][vc_masonry_media_grid element_width=&#8220;6&#8243; gap=&#8220;15&#8243; grid_id=&#8220;vc_gid:1726670148367-e08bc9e0-f100-3&#8243; include=&#8220;132,135&#8243;][vc_empty_space height=&#8220;20px&#8220;][vc_separator color=&#8220;mulled_wine&#8220; el_width=&#8220;80&#8243;][vc_empty_space height=&#8220;20px&#8220;][vc_column_text]<span style=\"color: #23afc2;\"><strong>Das ger\u00e4umige und helle Vancouver-Mobilheim verf\u00fcgt \u00fcber einen angenehmen Wohnbereich mit einer voll ausgestatteten K\u00fcche &#8211; ideal f\u00fcr einen Aufenthalt in den Bergen mit der Familie oder Freunden.<\/strong><\/span><\/p>\n<p>Die beiden separaten Schlafzimmer bieten Komfort gepaart mit Funktionalit\u00e4t:<br \/>\n\u2013 1 Zimmer mit zwei Einzelbetten (90cm).<br \/>\n\u2013 1 Zimmer mit 2 Schlafgelegenheiten: ein Stockbett mit zwei Einzelbetten (80cm) oder zwei Einzelbetten (80cm).<br \/>\n\u2013 1 ausziehbare Couch (Stapelbett mit 2 Einzelbetten 80cm) im Wohnzimmer<\/p>\n<p>Badezimmer mit Waschbecken, Duschkabine und WC.<\/p>\n<p>Damit Sie die milde Wintersonne in vollen Z\u00fcgen genie\u00dfen k\u00f6nnen, verf\u00fcgen unsere Vancouver-Mobilheime \u00fcber eine sch\u00f6ne 15 m\u00b2 gro\u00dfe Au\u00dfenterrasse, auf der Sie Ihre gemeinsamen Mahlzeiten mit Blick auf die Natur genie\u00dfen k\u00f6nnen.[\/vc_column_text][vc_empty_space height=&#8220;20px&#8220;][vc_btn title=&#8220;SIEHE DEN PLAN&#8220; style=&#8220;outline&#8220; shape=&#8220;square&#8220; color=&#8220;peacoc&#8220; size=&#8220;xs&#8220; align=&#8220;center&#8220; link=&#8220;url:https%3A%2F%2Fmedia.huttopia.com%2Fhebergements%2F4-mobile-home-vancouver%2Fplan-mh-6.jpg|target:_blank&#8220;][\/vc_column_inner][\/vc_row_inner]<\/div>[\/vc_column][\/vc_row][vc_row][vc_column]<div class=\"wrappedcontent\">[vc_column_text]<\/p>\n<p style=\"text-align: center;\"><span style=\"color: #23afc2; font-size: 18pt;\"><strong>DIE GROSSEN PLUSPUNKTE<\/strong><\/span><\/p>\n<p>[\/vc_column_text][vc_empty_space][vc_row_inner equal_height=&#8220;yes&#8220; gap=&#8220;20&#8243; css=&#8220;.vc_custom_1634569758908{margin-left: -0.5px !important;}&#8220;][vc_column_inner width=&#8220;1\/4&#8243;][vc_icon icon_fontawesome=&#8220;fas fa-home&#8220; color=&#8220;mulled_wine&#8220; size=&#8220;sm&#8220; align=&#8220;center&#8220;][vc_column_text]<\/p>\n<p style=\"text-align: center;\"><strong>Bettw\u00e4sche- und Handt\u00fcchervermietung<\/strong><\/p>\n<p style=\"text-align: center;\">Reisen Sie mit leichterem Gep\u00e4ck: Handt\u00fccher und Bettw\u00e4sche k\u00f6nnen Sie gerne bei uns mieten.<br \/>\n<span style=\"font-size: 10pt;\"><em>&gt; <a href=\"https:\/\/media.huttopia.com\/destinations\/divonne-les-bains\/hiver\/divonne-tarifs-annexes-hiver-FR-EN.pdf\" target=\"_blank\" rel=\"noopener noreferrer\"><span style=\"text-decoration: underline;\">Tarife ansehen<\/span><\/a><\/em><\/span><\/p>\n<p>[\/vc_column_text][\/vc_column_inner][vc_column_inner width=&#8220;1\/4&#8243;][vc_icon icon_fontawesome=&#8220;fas fa-broom&#8220; color=&#8220;mulled_wine&#8220; size=&#8220;sm&#8220; align=&#8220;center&#8220;][vc_column_text]<\/p>\n<p style=\"text-align: center;\"><strong>Reinigungspauschale als Option<\/strong><\/p>\n<p style=\"text-align: center;\"><span style=\"font-size: 10pt;\"><em>&gt; <a href=\"https:\/\/media.huttopia.com\/destinations\/divonne-les-bains\/hiver\/divonne-tarifs-annexes-hiver-FR-EN.pdf\" target=\"_blank\" rel=\"noopener noreferrer\"><span style=\"text-decoration: underline;\">Tarife ansehen<\/span><\/a><\/em><\/span><\/p>\n<p>[\/vc_column_text][\/vc_column_inner][vc_column_inner width=&#8220;1\/4&#8243;][vc_icon icon_fontawesome=&#8220;fas fa-baby-carriage&#8220; color=&#8220;mulled_wine&#8220; size=&#8220;sm&#8220; align=&#8220;center&#8220;][vc_column_text]<\/p>\n<p style=\"text-align: center;\"><strong>Babyset<\/strong><\/p>\n<p style=\"text-align: center;\">(Bett + Hochstuhl) gratis gegen Vorreservierung (im Rahmen der Verf\u00fcgbarkeit).<\/p>\n<p>[\/vc_column_text][\/vc_column_inner][vc_column_inner width=&#8220;1\/4&#8243;][vc_icon icon_fontawesome=&#8220;fas fa-clock&#8220; color=&#8220;mulled_wine&#8220; size=&#8220;sm&#8220; align=&#8220;center&#8220;][vc_column_text]<\/p>\n<p style=\"text-align: center;\"><strong>Am Sonntag Abreise bis 16 Uhr!<\/strong><\/p>\n<p style=\"text-align: center;\">(au\u00dfer w\u00e4hrend der franz\u00f6sischen Schulferien und im Rahmen der Verf\u00fcgbarkeit)*<\/p>\n<p>[\/vc_column_text][\/vc_column_inner][\/vc_row_inner][vc_empty_space height=&#8220;20px&#8220;][vc_column_text]<\/p>\n<p style=\"text-align: center;\"><span style=\"font-size: 10pt;\"><em>*Unter Vorbehalt der Verf\u00fcgbarkeit \u2013 telefonische Buchung unbedingt erforderlich<\/em><\/span><\/p>\n<p>[\/vc_column_text][vc_empty_space]<div class=\"text-center btnwrap\"><a class=\"btn btn-huttopia-cta\" href=\"http:\/\/checkout.huttopia.com\/redirect\/de\/897\" role=\"button\" target=\"\" onclick=\"dataLayer.push({'event':'clickCity', 'clickText':'Aufenthalt buchen'})\">Aufenthalt buchen<\/a><\/div><\/div>[\/vc_column][\/vc_row]<\/p>\n<\/div>","protected":false},"excerpt":{"rendered":"<p>[vc_row][vc_column][vc_single_image image=&#8220;96&#8243; img_size=&#8220;1900&#215;500&#8243; alignment=&#8220;center&#8220;][\/vc_column][\/vc_row][vc_row][vc_column][\/vc_column][\/vc_row][vc_row css=&#8220;.vc_custom_1634716156121{background-color: #e8e8e8 !important;}&#8220; el_id=&#8220;chalets&#8220;][vc_column][\/vc_column][\/vc_row][vc_row css=&#8220;.vc_custom_1634568377355{background-color: #e8e8e8 !important;}&#8220;][vc_column][\/vc_column][\/vc_row][vc_row css=&#8220;.vc_custom_1634716167899{background-color: #e8e8e8 !important;}&#8220; el_id=&#8220;mobile-homes&#8220;][vc_column][\/vc_column][\/vc_row][vc_row][vc_column][\/vc_column][\/vc_row]<\/p>\n","protected":false},"author":4,"featured_media":0,"parent":0,"menu_order":0,"comment_status":"closed","ping_status":"closed","template":"","meta":{"footnotes":""},"class_list":["post-217","page","type-page","status-publish","hentry"],"yoast_head":"<!-- This site is optimized with the Yoast SEO plugin v25.6 - https:\/\/yoast.com\/wordpress\/plugins\/seo\/ -->\n<title>Unterk\u00fcnfte - Chalets Monts Jura<\/title>\n<meta name=\"description\" content=\"Unsere Chalets und Mobilheime bieten Ihnen Komfort und Natur umgeben von Idylle pur.\" \/>\n<meta name=\"robots\" content=\"index, follow, max-snippet:-1, max-image-preview:large, max-video-preview:-1\" \/>\n<link rel=\"canonical\" href=\"https:\/\/www.chalets-monts-jura.com\/de\/unterkunfte\/\" \/>\n<meta property=\"og:locale\" content=\"de_DE\" \/>\n<meta property=\"og:type\" content=\"article\" \/>\n<meta property=\"og:title\" content=\"Unterk\u00fcnfte - Chalets Monts Jura\" \/>\n<meta property=\"og:description\" content=\"Unsere Chalets und Mobilheime bieten Ihnen Komfort und Natur umgeben von Idylle pur.\" \/>\n<meta property=\"og:url\" content=\"https:\/\/www.chalets-monts-jura.com\/de\/unterkunfte\/\" \/>\n<meta property=\"og:site_name\" content=\"Chalets Monts Jura\" \/>\n<meta property=\"article:modified_time\" content=\"2024-09-18T14:39:32+00:00\" \/>\n<meta name=\"twitter:card\" content=\"summary_large_image\" \/>\n<meta name=\"twitter:label1\" content=\"Est. reading time\" \/>\n\t<meta name=\"twitter:data1\" content=\"7 Minuten\" \/>\n<script type=\"application\/ld+json\" class=\"yoast-schema-graph\">{\"@context\":\"https:\/\/schema.org\",\"@graph\":[{\"@type\":\"WebPage\",\"@id\":\"https:\/\/www.chalets-monts-jura.com\/de\/unterkunfte\/\",\"url\":\"https:\/\/www.chalets-monts-jura.com\/de\/unterkunfte\/\",\"name\":\"Unterk\u00fcnfte - Chalets Monts Jura\",\"isPartOf\":{\"@id\":\"https:\/\/www.chalets-monts-jura.com\/de\/#website\"},\"datePublished\":\"2021-10-18T14:34:26+00:00\",\"dateModified\":\"2024-09-18T14:39:32+00:00\",\"description\":\"Unsere Chalets und Mobilheime bieten Ihnen Komfort und Natur umgeben von Idylle pur.\",\"breadcrumb\":{\"@id\":\"https:\/\/www.chalets-monts-jura.com\/de\/unterkunfte\/#breadcrumb\"},\"inLanguage\":\"de-DE\",\"potentialAction\":[{\"@type\":\"ReadAction\",\"target\":[\"https:\/\/www.chalets-monts-jura.com\/de\/unterkunfte\/\"]}]},{\"@type\":\"BreadcrumbList\",\"@id\":\"https:\/\/www.chalets-monts-jura.com\/de\/unterkunfte\/#breadcrumb\",\"itemListElement\":[{\"@type\":\"ListItem\",\"position\":1,\"name\":\"Home\",\"item\":\"https:\/\/www.chalets-monts-jura.com\/de\/\"},{\"@type\":\"ListItem\",\"position\":2,\"name\":\"Unterk\u00fcnfte\"}]},{\"@type\":\"WebSite\",\"@id\":\"https:\/\/www.chalets-monts-jura.com\/de\/#website\",\"url\":\"https:\/\/www.chalets-monts-jura.com\/de\/\",\"name\":\"Chalets Monts Jura\",\"description\":\"Un site utilisant Citykamp\",\"potentialAction\":[{\"@type\":\"SearchAction\",\"target\":{\"@type\":\"EntryPoint\",\"urlTemplate\":\"https:\/\/www.chalets-monts-jura.com\/de\/?s={search_term_string}\"},\"query-input\":{\"@type\":\"PropertyValueSpecification\",\"valueRequired\":true,\"valueName\":\"search_term_string\"}}],\"inLanguage\":\"de-DE\"}]}<\/script>\n<!-- \/ Yoast SEO plugin. -->","yoast_head_json":{"title":"Unterk\u00fcnfte - Chalets Monts Jura","description":"Unsere Chalets und Mobilheime bieten Ihnen Komfort und Natur umgeben von Idylle pur.","robots":{"index":"index","follow":"follow","max-snippet":"max-snippet:-1","max-image-preview":"max-image-preview:large","max-video-preview":"max-video-preview:-1"},"canonical":"https:\/\/www.chalets-monts-jura.com\/de\/unterkunfte\/","og_locale":"de_DE","og_type":"article","og_title":"Unterk\u00fcnfte - Chalets Monts Jura","og_description":"Unsere Chalets und Mobilheime bieten Ihnen Komfort und Natur umgeben von Idylle pur.","og_url":"https:\/\/www.chalets-monts-jura.com\/de\/unterkunfte\/","og_site_name":"Chalets Monts Jura","article_modified_time":"2024-09-18T14:39:32+00:00","twitter_card":"summary_large_image","twitter_misc":{"Est. reading time":"7 Minuten"},"schema":{"@context":"https:\/\/schema.org","@graph":[{"@type":"WebPage","@id":"https:\/\/www.chalets-monts-jura.com\/de\/unterkunfte\/","url":"https:\/\/www.chalets-monts-jura.com\/de\/unterkunfte\/","name":"Unterk\u00fcnfte - Chalets Monts Jura","isPartOf":{"@id":"https:\/\/www.chalets-monts-jura.com\/de\/#website"},"datePublished":"2021-10-18T14:34:26+00:00","dateModified":"2024-09-18T14:39:32+00:00","description":"Unsere Chalets und Mobilheime bieten Ihnen Komfort und Natur umgeben von Idylle pur.","breadcrumb":{"@id":"https:\/\/www.chalets-monts-jura.com\/de\/unterkunfte\/#breadcrumb"},"inLanguage":"de-DE","potentialAction":[{"@type":"ReadAction","target":["https:\/\/www.chalets-monts-jura.com\/de\/unterkunfte\/"]}]},{"@type":"BreadcrumbList","@id":"https:\/\/www.chalets-monts-jura.com\/de\/unterkunfte\/#breadcrumb","itemListElement":[{"@type":"ListItem","position":1,"name":"Home","item":"https:\/\/www.chalets-monts-jura.com\/de\/"},{"@type":"ListItem","position":2,"name":"Unterk\u00fcnfte"}]},{"@type":"WebSite","@id":"https:\/\/www.chalets-monts-jura.com\/de\/#website","url":"https:\/\/www.chalets-monts-jura.com\/de\/","name":"Chalets Monts Jura","description":"Un site utilisant Citykamp","potentialAction":[{"@type":"SearchAction","target":{"@type":"EntryPoint","urlTemplate":"https:\/\/www.chalets-monts-jura.com\/de\/?s={search_term_string}"},"query-input":{"@type":"PropertyValueSpecification","valueRequired":true,"valueName":"search_term_string"}}],"inLanguage":"de-DE"}]}},"_links":{"self":[{"href":"https:\/\/www.chalets-monts-jura.com\/de\/wp-json\/wp\/v2\/pages\/217","targetHints":{"allow":["GET"]}}],"collection":[{"href":"https:\/\/www.chalets-monts-jura.com\/de\/wp-json\/wp\/v2\/pages"}],"about":[{"href":"https:\/\/www.chalets-monts-jura.com\/de\/wp-json\/wp\/v2\/types\/page"}],"author":[{"embeddable":true,"href":"https:\/\/www.chalets-monts-jura.com\/de\/wp-json\/wp\/v2\/users\/4"}],"replies":[{"embeddable":true,"href":"https:\/\/www.chalets-monts-jura.com\/de\/wp-json\/wp\/v2\/comments?post=217"}],"version-history":[{"count":2,"href":"https:\/\/www.chalets-monts-jura.com\/de\/wp-json\/wp\/v2\/pages\/217\/revisions"}],"predecessor-version":[{"id":480,"href":"https:\/\/www.chalets-monts-jura.com\/de\/wp-json\/wp\/v2\/pages\/217\/revisions\/480"}],"wp:attachment":[{"href":"https:\/\/www.chalets-monts-jura.com\/de\/wp-json\/wp\/v2\/media?parent=217"}],"curies":[{"name":"wp","href":"https:\/\/api.w.org\/{rel}","templated":true}]}}