{"id":192,"date":"2021-10-07T16:55:20","date_gmt":"2021-10-07T14:55:20","guid":{"rendered":"http:\/\/www.citykamp.com\/chalets-monts-jura\/accueil\/"},"modified":"2025-10-21T10:29:11","modified_gmt":"2025-10-21T08:29:11","slug":"accueil","status":"publish","type":"page","link":"https:\/\/www.chalets-monts-jura.com\/de\/","title":{"rendered":"Home"},"content":{"rendered":"<div class=\"wpb-content-wrapper\"><p>[vc_row][vc_column]<div class=\"wrappedcontent\">[vc_column_text css=&#8220;&#8220;]<\/p>\n<h3><span style=\"color: #333333;\">Entdecken Sie unsere Holzchalets und Mobilheime f\u00fcr Ihren Aufenthalt mitten in der Natur, zwischen Genfersee und Juragebirge.<\/span><\/h3>\n<p><span style=\"color: #23afc2; font-size: 14pt;\">Ge\u00f6ffnet vom 04.11.2024. bis 31.03.2025<\/span><\/p>\n<p style=\"text-align: center;\"><span style=\"font-size: 14pt;\">Die in Divonne-les-Bains, in der N\u00e4he der Skigregion Monts Jura und der Schweiz gelegenen Huttopia-Chalets der Monts Jura sind ideal f\u00fcr einen Aktivurlaub oder eine kurze Auszeit inmitten wundersch\u00f6ner, unber\u00fchrter Natur.<\/span><\/p>\n<p>[\/vc_column_text][vc_empty_space height=&#8220;40px&#8220;][vc_row_inner css=&#8220;.vc_custom_1634566559197{margin-left: -0.5px !important;}&#8220;][vc_column_inner width=&#8220;1\/4&#8243;][\/vc_column_inner][vc_column_inner width=&#8220;1\/4&#8243;][vc_btn title=&#8220;CHALETPL\u00c4NE ANSEHEN&#8220; style=&#8220;outline&#8220; shape=&#8220;square&#8220; color=&#8220;peacoc&#8220; align=&#8220;center&#8220; link=&#8220;url:https%3A%2F%2Fmedia.huttopia.com%2Fdestinations%2Fdivonne-les-bains%2Fhuttopia-divonne-les-bains-plan.pdf|target:_blank&#8220;][\/vc_column_inner][vc_column_inner width=&#8220;1\/4&#8243;][vc_btn title=&#8220;AUFENTHALT BUCHEN&#8220; shape=&#8220;square&#8220; color=&#8220;peacoc&#8220; align=&#8220;center&#8220; link=&#8220;url:http%3A%2F%2Fcheckout.huttopia.com%2Fredirect%2Fde%2F897|target:_blank&#8220;][\/vc_column_inner][vc_column_inner width=&#8220;1\/4&#8243;][\/vc_column_inner][\/vc_row_inner][vc_empty_space height=&#8220;40px&#8220;][vc_column_text]<span style=\"font-size: 14pt; color: #23afc2;\">Modern oder lieber rustikal? W\u00e4hlen Sie die Mietunterkunft, die zu Ihnen passt.<\/span><\/p>\n<p>Egal ob heimeliges Holzchalet mit Holzofen oder modernes Mobilheim, Ihr Urlaub in Divonne verspricht Gem\u00fctlichkeit und Komfort! Alle Unterk\u00fcnfte bieten Platz f\u00fcr bis zu 6 Personen. Genie\u00dfen Sie die Natur, Weite und frische Luft![\/vc_column_text][vc_empty_space height=&#8220;30px&#8220;][vc_row_inner equal_height=&#8220;yes&#8220; gap=&#8220;30&#8243; css=&#8220;.vc_custom_1634566738950{margin-left: -0.5px !important;}&#8220;][vc_column_inner width=&#8220;1\/3&#8243;][vc_masonry_media_grid element_width=&#8220;12&#8243; gap=&#8220;0&#8243; item=&#8220;200&#8243; grid_id=&#8220;vc_gid:1754656546761-9e932230-6681-4&#8243; include=&#8220;422&#8243;][\/vc_column_inner][vc_column_inner width=&#8220;1\/3&#8243;][vc_masonry_media_grid element_width=&#8220;12&#8243; gap=&#8220;0&#8243; item=&#8220;201&#8243; grid_id=&#8220;vc_gid:1754656546762-a0a53b4f-3923-4&#8243; include=&#8220;89&#8243;][\/vc_column_inner][vc_column_inner width=&#8220;1\/3&#8243;][vc_masonry_media_grid element_width=&#8220;12&#8243; gap=&#8220;0&#8243; item=&#8220;202&#8243; grid_id=&#8220;vc_gid:1754656546763-375b322a-a3b7-4&#8243; include=&#8220;425&#8243;][\/vc_column_inner][\/vc_row_inner]<\/div>[\/vc_column][\/vc_row][vc_row css=&#8220;.vc_custom_1634566785549{background-color: #e8e8e8 !important;}&#8220;][vc_column]<div class=\"wrappedcontent\">[vc_column_text]<\/p>\n<h4>Anreise \/ Anfahrt<\/h4>\n<p>[\/vc_column_text][vc_row_inner equal_height=&#8220;yes&#8220; gap=&#8220;30&#8243; css=&#8220;.vc_custom_1634566812590{margin-left: -0.5px !important;}&#8220;][vc_column_inner width=&#8220;1\/3&#8243;][vc_column_text]<strong>Mit dem Auto:<\/strong><\/p>\n<ul>\n<li>Schweizer Autobahn Genf-Lausanne (Vignettenpflicht f\u00fcr Schweizer Autobahnen), Ausfahrt Coppet-Divonne.<\/li>\n<li>Von Frankreich: Autobahn A40, Ausfahrt Bellegarde-sur-Valserine, dann Richtung Pays de Gex<\/li>\n<\/ul>\n<p>[\/vc_column_text][\/vc_column_inner][vc_column_inner width=&#8220;1\/3&#8243;][vc_column_text]<strong>Mit dem Zug:<\/strong><\/p>\n<ul>\n<li>SNCF-Bahnhof: SNCF \u00fcber Bellegarde-sur-Valserine oder Genf Cornavin<\/li>\n<\/ul>\n<p>[\/vc_column_text][\/vc_column_inner][vc_column_inner width=&#8220;1\/3&#8243;][vc_column_text]<strong>Mit dem Flugzeug:<\/strong><\/p>\n<ul>\n<li>Internationaler Flughafen Genf Cointrin (20 Autominuten)<\/li>\n<\/ul>\n<p>[\/vc_column_text][\/vc_column_inner][\/vc_row_inner]<\/div>[\/vc_column][\/vc_row][vc_row][vc_column]<div class=\"wrappedcontent\">[vc_masonry_media_grid element_width=&#8220;12&#8243; gap=&#8220;0&#8243; grid_id=&#8220;vc_gid:1754656546764-a634446e-e379-4&#8243; include=&#8220;41&#8243;][vc_column_text css=&#8220;.vc_custom_1635148549676{padding-top: 10px !important;padding-right: 10px !important;padding-bottom: 10px !important;padding-left: 10px !important;background-color: #e8e8e8 !important;}&#8220;]<\/p>\n<p style=\"text-align: center;\">Dieses Reiseziel hei\u00dft Sie auch im Sommer willkommen. F\u00fcr mehr Informationen <span style=\"text-decoration: underline;\"><a href=\"https:\/\/europe.huttopia.com\/de\/site\/camping-divonne-les-bains\/\" target=\"_blank\" rel=\"noopener noreferrer\">bitte hier klicken!<\/a><\/span> !<\/p>\n<p>[\/vc_column_text]<\/div>\n    <div id=\"map385914\" class=\"map\"><\/div>\n    <script type=\"text\/javascript\">\n        let iconType = L.icon({\n            iconUrl: baseDirectory + '\/img\/pin.png',\n            iconSize: [22, 48],\n            iconAnchor: [11, 46],\n            popupAnchor: [0, -46]\n        });\n        let map = L.map('map385914', {\n            center: L.latLng(46.3761425, 6.120653400000037),\n            zoom: 10.8,\n            layers: [L.tileLayer('https:\/\/cartodb-basemaps-b.global.ssl.fastly.net\/light_all\/{z}\/{x}\/{y}.png', {\n                attribution: '&copy; <a href=\"https:\/\/www.openstreetmap.org\/copyright\">OpenStreetMap<\/a>'\n            })],\n            zoomSnap: 0.2\n        });\n        setTimeout(map.invalidateSize.bind(map), 100);\n        let contentString = '<div id=\"content\">' +\n            '<div id=\"siteNotice\">' +\n            '<\/div>' +\n            '<h4 id=\"firstHeading\" class=\"firstHeading\">Les Chalets Huttopia des Monts Jura<\/h4>' +\n            '<div id=\"bodyContent\">' +\n            '<p><\/p>' +\n            '<p>2465 Vie de L\u2019Etraz 01220 Divonne-les-Bains France<\/p>' +\n            '<\/div>' +\n            '<\/div>';\n        let marker = L.marker([46.3761425, 6.120653400000037], {icon: iconType}).addTo(map);\n        marker.bindPopup(contentString).openPopup();\n        let iwOuter = document.querySelector('.leaflet-popup-content-wrapper');\n        let iwArrow = document.querySelector('.leaflet-popup-tip');\n        iwOuter.style.backgroundColor = '#23AFC2';\n        iwArrow.style.backgroundColor = '#23AFC2';\n    <\/script>\n    [\/vc_column][\/vc_row][vc_row css=&#8220;.vc_custom_1634567460157{background-color: #e8e8e8 !important;}&#8220;][vc_column]<div class=\"wrappedcontent\">[vc_row_inner css=&#8220;.vc_custom_1634567211821{margin-top: -30px !important;margin-bottom: -30px !important;margin-left: -0.5px !important;}&#8220;][vc_column_inner width=&#8220;1\/4&#8243;][vc_column_text]<\/p>\n<p style=\"text-align: center;\"><span style=\"color: #333333; font-size: 10pt;\">3 sternen<\/span><\/p>\n<p>[\/vc_column_text][vc_icon icon_fontawesome=&#8220;fas fa-star&#8220; color=&#8220;mulled_wine&#8220; size=&#8220;sm&#8220; align=&#8220;center&#8220; css=&#8220;.vc_custom_1634567291568{margin-bottom: -10px !important;}&#8220;][\/vc_column_inner][vc_column_inner width=&#8220;1\/4&#8243;][vc_column_text]<\/p>\n<p style=\"text-align: center;\"><span style=\"color: #333333; font-size: 10pt;\">9 Hektare<\/span><\/p>\n<p>[\/vc_column_text][vc_icon icon_fontawesome=&#8220;fas fa-tree&#8220; color=&#8220;mulled_wine&#8220; size=&#8220;sm&#8220; align=&#8220;center&#8220; css=&#8220;.vc_custom_1634567303227{margin-bottom: -10px !important;}&#8220;][\/vc_column_inner][vc_column_inner width=&#8220;1\/4&#8243;][vc_column_text]<\/p>\n<p style=\"text-align: center;\"><span style=\"color: #333333; font-size: 10pt;\">274 Stellpl\u00e4tze<\/span><\/p>\n<p>[\/vc_column_text][vc_icon icon_fontawesome=&#8220;fas fa-home&#8220; color=&#8220;mulled_wine&#8220; size=&#8220;sm&#8220; align=&#8220;center&#8220; css=&#8220;.vc_custom_1634567314008{margin-bottom: -10px !important;}&#8220;][\/vc_column_inner][vc_column_inner width=&#8220;1\/4&#8243;][vc_column_text]<\/p>\n<p style=\"text-align: center;\"><span style=\"color: #333333; font-size: 10pt;\">Barrierefreier Campingplatz<\/span><\/p>\n<p>[\/vc_column_text][vc_icon icon_fontawesome=&#8220;fas fa-wheelchair&#8220; color=&#8220;mulled_wine&#8220; size=&#8220;sm&#8220; align=&#8220;center&#8220; css=&#8220;.vc_custom_1634567324956{margin-bottom: -10px !important;}&#8220;][\/vc_column_inner][\/vc_row_inner]<\/div>[\/vc_column][\/vc_row]<\/p>\n<\/div>","protected":false},"excerpt":{"rendered":"<p>[vc_row][vc_column][\/vc_column][\/vc_row][vc_row css=&#8220;.vc_custom_1634566785549{background-color: #e8e8e8 !important;}&#8220;][vc_column][\/vc_column][\/vc_row][vc_row][vc_column][\/vc_column][\/vc_row][vc_row css=&#8220;.vc_custom_1634567460157{background-color: #e8e8e8 !important;}&#8220;][vc_column][\/vc_column][\/vc_row]<\/p>\n","protected":false},"author":4,"featured_media":0,"parent":0,"menu_order":0,"comment_status":"closed","ping_status":"closed","template":"templates\/page-home.php","meta":{"footnotes":""},"class_list":["post-192","page","type-page","status-publish","hentry"],"yoast_head":"<!-- This site is optimized with the Yoast SEO plugin v25.6 - https:\/\/yoast.com\/wordpress\/plugins\/seo\/ -->\n<title>Home - Chalets Monts Jura<\/title>\n<meta name=\"description\" content=\"In der N\u00e4he der Skigregion Monts Jura und der Schweiz gelegenen Huttopia-Chalets der Monts Jura sind ideal f\u00fcr einen Aktivurlaub oder eine kurze Auszeit inmitten wundersch\u00f6ner, unber\u00fchrter Natur.\" \/>\n<meta name=\"robots\" content=\"index, follow, max-snippet:-1, max-image-preview:large, max-video-preview:-1\" \/>\n<link rel=\"canonical\" href=\"https:\/\/www.chalets-monts-jura.com\/de\/\" \/>\n<meta property=\"og:locale\" content=\"de_DE\" \/>\n<meta property=\"og:type\" content=\"article\" \/>\n<meta property=\"og:title\" content=\"Home - Chalets Monts Jura\" \/>\n<meta property=\"og:description\" content=\"In der N\u00e4he der Skigregion Monts Jura und der Schweiz gelegenen Huttopia-Chalets der Monts Jura sind ideal f\u00fcr einen Aktivurlaub oder eine kurze Auszeit inmitten wundersch\u00f6ner, unber\u00fchrter Natur.\" \/>\n<meta property=\"og:url\" content=\"https:\/\/www.chalets-monts-jura.com\/de\/\" \/>\n<meta property=\"og:site_name\" content=\"Chalets Monts Jura\" \/>\n<meta property=\"article:modified_time\" content=\"2025-10-21T08:29:11+00:00\" \/>\n<meta name=\"twitter:card\" content=\"summary_large_image\" \/>\n<meta name=\"twitter:label1\" content=\"Est. reading time\" \/>\n\t<meta name=\"twitter:data1\" content=\"3 Minuten\" \/>\n<script type=\"application\/ld+json\" class=\"yoast-schema-graph\">{\"@context\":\"https:\/\/schema.org\",\"@graph\":[{\"@type\":\"WebPage\",\"@id\":\"https:\/\/www.chalets-monts-jura.com\/de\/\",\"url\":\"https:\/\/www.chalets-monts-jura.com\/de\/\",\"name\":\"Home - Chalets Monts Jura\",\"isPartOf\":{\"@id\":\"https:\/\/www.chalets-monts-jura.com\/de\/#website\"},\"datePublished\":\"2021-10-07T14:55:20+00:00\",\"dateModified\":\"2025-10-21T08:29:11+00:00\",\"description\":\"In der N\u00e4he der Skigregion Monts Jura und der Schweiz gelegenen Huttopia-Chalets der Monts Jura sind ideal f\u00fcr einen Aktivurlaub oder eine kurze Auszeit inmitten wundersch\u00f6ner, unber\u00fchrter Natur.\",\"breadcrumb\":{\"@id\":\"https:\/\/www.chalets-monts-jura.com\/de\/#breadcrumb\"},\"inLanguage\":\"de-DE\",\"potentialAction\":[{\"@type\":\"ReadAction\",\"target\":[\"https:\/\/www.chalets-monts-jura.com\/de\/\"]}]},{\"@type\":\"BreadcrumbList\",\"@id\":\"https:\/\/www.chalets-monts-jura.com\/de\/#breadcrumb\",\"itemListElement\":[{\"@type\":\"ListItem\",\"position\":1,\"name\":\"Home\",\"item\":\"https:\/\/www.chalets-monts-jura.com\/de\/\"},{\"@type\":\"ListItem\",\"position\":2,\"name\":\"Home\"}]},{\"@type\":\"WebSite\",\"@id\":\"https:\/\/www.chalets-monts-jura.com\/de\/#website\",\"url\":\"https:\/\/www.chalets-monts-jura.com\/de\/\",\"name\":\"Chalets Monts Jura\",\"description\":\"Un site utilisant Citykamp\",\"potentialAction\":[{\"@type\":\"SearchAction\",\"target\":{\"@type\":\"EntryPoint\",\"urlTemplate\":\"https:\/\/www.chalets-monts-jura.com\/de\/?s={search_term_string}\"},\"query-input\":{\"@type\":\"PropertyValueSpecification\",\"valueRequired\":true,\"valueName\":\"search_term_string\"}}],\"inLanguage\":\"de-DE\"}]}<\/script>\n<!-- \/ Yoast SEO plugin. -->","yoast_head_json":{"title":"Home - Chalets Monts Jura","description":"In der N\u00e4he der Skigregion Monts Jura und der Schweiz gelegenen Huttopia-Chalets der Monts Jura sind ideal f\u00fcr einen Aktivurlaub oder eine kurze Auszeit inmitten wundersch\u00f6ner, unber\u00fchrter Natur.","robots":{"index":"index","follow":"follow","max-snippet":"max-snippet:-1","max-image-preview":"max-image-preview:large","max-video-preview":"max-video-preview:-1"},"canonical":"https:\/\/www.chalets-monts-jura.com\/de\/","og_locale":"de_DE","og_type":"article","og_title":"Home - Chalets Monts Jura","og_description":"In der N\u00e4he der Skigregion Monts Jura und der Schweiz gelegenen Huttopia-Chalets der Monts Jura sind ideal f\u00fcr einen Aktivurlaub oder eine kurze Auszeit inmitten wundersch\u00f6ner, unber\u00fchrter Natur.","og_url":"https:\/\/www.chalets-monts-jura.com\/de\/","og_site_name":"Chalets Monts Jura","article_modified_time":"2025-10-21T08:29:11+00:00","twitter_card":"summary_large_image","twitter_misc":{"Est. reading time":"3 Minuten"},"schema":{"@context":"https:\/\/schema.org","@graph":[{"@type":"WebPage","@id":"https:\/\/www.chalets-monts-jura.com\/de\/","url":"https:\/\/www.chalets-monts-jura.com\/de\/","name":"Home - Chalets Monts Jura","isPartOf":{"@id":"https:\/\/www.chalets-monts-jura.com\/de\/#website"},"datePublished":"2021-10-07T14:55:20+00:00","dateModified":"2025-10-21T08:29:11+00:00","description":"In der N\u00e4he der Skigregion Monts Jura und der Schweiz gelegenen Huttopia-Chalets der Monts Jura sind ideal f\u00fcr einen Aktivurlaub oder eine kurze Auszeit inmitten wundersch\u00f6ner, unber\u00fchrter Natur.","breadcrumb":{"@id":"https:\/\/www.chalets-monts-jura.com\/de\/#breadcrumb"},"inLanguage":"de-DE","potentialAction":[{"@type":"ReadAction","target":["https:\/\/www.chalets-monts-jura.com\/de\/"]}]},{"@type":"BreadcrumbList","@id":"https:\/\/www.chalets-monts-jura.com\/de\/#breadcrumb","itemListElement":[{"@type":"ListItem","position":1,"name":"Home","item":"https:\/\/www.chalets-monts-jura.com\/de\/"},{"@type":"ListItem","position":2,"name":"Home"}]},{"@type":"WebSite","@id":"https:\/\/www.chalets-monts-jura.com\/de\/#website","url":"https:\/\/www.chalets-monts-jura.com\/de\/","name":"Chalets Monts Jura","description":"Un site utilisant Citykamp","potentialAction":[{"@type":"SearchAction","target":{"@type":"EntryPoint","urlTemplate":"https:\/\/www.chalets-monts-jura.com\/de\/?s={search_term_string}"},"query-input":{"@type":"PropertyValueSpecification","valueRequired":true,"valueName":"search_term_string"}}],"inLanguage":"de-DE"}]}},"_links":{"self":[{"href":"https:\/\/www.chalets-monts-jura.com\/de\/wp-json\/wp\/v2\/pages\/192","targetHints":{"allow":["GET"]}}],"collection":[{"href":"https:\/\/www.chalets-monts-jura.com\/de\/wp-json\/wp\/v2\/pages"}],"about":[{"href":"https:\/\/www.chalets-monts-jura.com\/de\/wp-json\/wp\/v2\/types\/page"}],"author":[{"embeddable":true,"href":"https:\/\/www.chalets-monts-jura.com\/de\/wp-json\/wp\/v2\/users\/4"}],"replies":[{"embeddable":true,"href":"https:\/\/www.chalets-monts-jura.com\/de\/wp-json\/wp\/v2\/comments?post=192"}],"version-history":[{"count":3,"href":"https:\/\/www.chalets-monts-jura.com\/de\/wp-json\/wp\/v2\/pages\/192\/revisions"}],"predecessor-version":[{"id":491,"href":"https:\/\/www.chalets-monts-jura.com\/de\/wp-json\/wp\/v2\/pages\/192\/revisions\/491"}],"wp:attachment":[{"href":"https:\/\/www.chalets-monts-jura.com\/de\/wp-json\/wp\/v2\/media?parent=192"}],"curies":[{"name":"wp","href":"https:\/\/api.w.org\/{rel}","templated":true}]}}